{"id":10,"date":"2014-05-07T14:33:53","date_gmt":"2014-05-07T13:33:53","guid":{"rendered":"http:\/\/melindatrochu.com\/?page_id=10"},"modified":"2017-11-22T05:41:28","modified_gmt":"2017-11-22T02:41:28","slug":"textes","status":"publish","type":"page","link":"http:\/\/melindatrochu.com\/?page_id=10","title":{"rendered":"Textes"},"content":{"rendered":"<p>Pour Terriennes &#8211; <a href=\"http:\/\/melindatrochu.com\/?p=740\">Au Vanuatu, Anne Pakoa combat les violences quotidiennes faites aux femmes<\/a><\/p>\n<p>Pour Nouveau Projet &#8211; <a href=\"http:\/\/melindatrochu.com\/?p=748\">Denendeh, terre de 11 langues<\/a><\/p>\n<p>Pour L&#8217;Actualit\u00e9 &#8211; <a href=\"http:\/\/melindatrochu.com\/?p=731\">Melbourne, la ville du bonheur<\/a><\/p>\n<p>Pour Equal Times &#8211; <a href=\"http:\/\/melindatrochu.com\/?p=744\">Au Liban, la crise des d\u00e9chets inspire des initiatives \u00e9cologiques<\/a><\/p>\n<p>Pour\u00a0L&#8217;Edition du Soir &#8211;\u00a0<a href=\"http:\/\/melindatrochu.com\/?p=720\">Au Vanuatu, ce march\u00e9 est ouvert 24 heure sur 24 !<\/a><\/p>\n<p>Pour\u00a0L&#8217;Edition du Soir &#8211;\u00a0<a href=\"http:\/\/melindatrochu.com\/?p=723\">Rah, un \u00eelot de tourisme authentique au Vanuatu<\/a><\/p>\n<p>Pour\u00a0L&#8217;Edition du Soir &#8211; <a href=\"http:\/\/melindatrochu.com\/?p=726\">Sur les traces des truands \u00e0 Marseille<\/a><\/p>\n<p>Pour\u00a0L&#8217;Edition du Soir &#8211;\u00a0<a href=\"http:\/\/melindatrochu.com\/?p=717\">A bord du Ghan, train australien de l\u00e9gende<\/a><\/p>\n<p>Pour TV5 Monde &#8211; <a href=\"http:\/\/melindatrochu.com\/?p=693\">Aborig\u00e8nes d\u2019Australie, retour \u00e0 la case prison<\/a><\/p>\n<p>Pour Terriennes &#8211; <a href=\"http:\/\/melindatrochu.com\/?p=690\">En Australie, les grands-m\u00e8res aborig\u00e8nes luttent pour leurs petits-enfants<\/a><\/p>\n<p>Pour\u00a0L&#8217;Edition du Soir &#8211; <a href=\"http:\/\/melindatrochu.com\/?p=668\">Ciel, mon m\u00e9decin arrive en avion !<\/a><\/p>\n<p>Pour Kaizen &#8211; <a href=\"http:\/\/melindatrochu.com\/?p=663\">En Australie, une laverie itin\u00e9rante tisse du lien<\/a><\/p>\n<p>Pour Axelle\u00a0&#8211; <a href=\"http:\/\/melindatrochu.com\/?p=655\">La lutte des grands-m\u00e8res aborig\u00e8nes d&#8217;Australie<\/a><\/p>\n<p>Pour Equal Times &#8211; <a href=\"http:\/\/melindatrochu.com\/?p=643\">Loin des siens, un Rohingya lutte pour la survie de son peuple<\/a><\/p>\n<p>Pour\u00a0L&#8217;Edition du Soir &#8211; <a href=\"http:\/\/melindatrochu.com\/?p=640\">Vicki Lowing vit avec trois &#8230; crocodiles !<\/a><\/p>\n<p>Pour La Presse &#8211; <a href=\"http:\/\/melindatrochu.com\/?p=628\">Rapper sa rage, dans toutes les langues<\/a><\/p>\n<p>Pour L&#8217;Edition du Soir &#8211; <a href=\"http:\/\/melindatrochu.com\/?p=618\">Ils chassent les m\u00e9t\u00e9orites dans le d\u00e9sert australien<\/a><\/p>\n<p>Pour Terriennes &#8211; <a href=\"http:\/\/melindatrochu.com\/?p=625\">Quand les femmes aborig\u00e8nes combattent la violence conjugale en Australie<\/a><\/p>\n<p>Pour L&#8217;Edition du Soir &#8211; <a href=\"http:\/\/melindatrochu.com\/?p=615\">Dave, quadripl\u00e9gique mais aventurier avant tout<\/a><\/p>\n<p>Pour Equal Times &#8211; <a href=\"http:\/\/melindatrochu.com\/?p=612\">Australia Day, une f\u00eate nationale controvers\u00e9e<\/a><\/p>\n<p>Pour L&#8217;Edition du Soir &#8211; <a href=\"http:\/\/melindatrochu.com\/?p=622\">Une route c\u00f4ti\u00e8re \u00e0 couper le souffle<\/a><\/p>\n<p>Pour\u00a0Le Courrier &#8211; <a href=\"http:\/\/melindatrochu.com\/?p=582\">Au creuset de la nation australienne<\/a><\/p>\n<p>Pour L&#8217;Edition du Soir &#8211; <a href=\"http:\/\/melindatrochu.com\/?p=579\">Des ours en peluche pour les bless\u00e9s des attentats<\/a><\/p>\n<p>Pour Equal Times &#8211; <a href=\"http:\/\/melindatrochu.com\/?p=568\">La grande barri\u00e8re de corail menac\u00e9e par un projet minier<\/a><\/p>\n<p>Pour L&#8217;Edition du Soir &#8211; <a href=\"http:\/\/melindatrochu.com\/?p=558\">Profession ? Chasseur de serpents !<\/a><\/p>\n<p>Pour La Cit\u00e9 &#8211; <a href=\"http:\/\/melindatrochu.com\/?p=575\">Les musulmans d&#8217;Australie affrontent l&#8217;islamophobie<\/a><\/p>\n<p>Pour Le Monde &#8211; <a href=\"http:\/\/melindatrochu.com\/?p=563\">\u00c9conomiser l&#8217;eau, un r\u00e9flexe indispensable en Australie<\/a><\/p>\n<p>Pour Terriennes &#8211; <a href=\"http:\/\/melindatrochu.com\/?p=539\">Violences faites aux femmes : l\u2019excision en Australie aussi<\/a><\/p>\n<p>Pour L&#8217;Edition du Soir &#8211; <a href=\"http:\/\/melindatrochu.com\/?p=550\">5 330 km en Australie sur des chevaux sauvages<\/a><\/p>\n<p>Pour L&#8217;Edition du Soir &#8211; <a href=\"http:\/\/melindatrochu.com\/?p=547\">Plongez dans la ru\u00e9e vers l\u2019or du XIXe si\u00e8cle !<\/a><\/p>\n<p>Pour Terriennes &#8211; <a href=\"http:\/\/melindatrochu.com\/?p=536\">Tatiana Semikop, femme flic retrait\u00e9e, toujours au service de ses concitoyens \u00e0 Odessa<\/a><\/p>\n<p>Pour La Cit\u00e9 &#8211; <a href=\"http:\/\/melindatrochu.com\/?p=526\">Et si c&#8217;\u00e9tait l&#8217;avenir ? Alchimistes et vagabonds, ils transmuent les d\u00e9chets en objets<\/a><\/p>\n<p>Pour La Gazette des femmes\u00a0&#8211;\u00a0<a href=\"http:\/\/melindatrochu.com\/?p=506\">Refuge pour femmes au Liban : Sous le toit de la tendresse<\/a><\/p>\n<p>Pour Terriennes &#8211;\u00a0<a href=\"http:\/\/melindatrochu.com\/?p=493\">Liban : th\u00e9rapie par la photo pour les prisonni\u00e8res<\/a><\/p>\n<p>Pour La Cit\u00e9 &#8211;\u00a0<a href=\"http:\/\/melindatrochu.com\/?p=497\" target=\"_blank\">Entre Coran et pop-culture, un Am\u00e9ricain cultive au Liban l\u2019art de la calligraphie<\/a><\/p>\n<p>Pour Terriennes &#8211;\u00a0<a href=\"http:\/\/melindatrochu.com\/?p=486\">Aya Mhanna, psychologue au service des r\u00e9fugi\u00e9es syriennes<\/a><\/p>\n<p>Pour Terriennes &#8211;\u00a0<a href=\"http:\/\/melindatrochu.com\/?p=489\">Antigone, visage et voix des Syriennes r\u00e9fugi\u00e9es au Liban<\/a><\/p>\n<p>Pour La Cit\u00e9 &#8211; <a href=\"http:\/\/melindatrochu.com\/?p=476\" target=\"_blank\">La vie en suspension des r\u00e9fugi\u00e9s syriens en Jordanie<\/a><\/p>\n<p>Pour 360\u00b0 &#8211; <a href=\"http:\/\/melindatrochu.com\/?p=472\" target=\"_blank\">Ils forment les activistes LGBT du monde arabe<\/a><\/p>\n<p style=\"text-align: left;\">Pour Terriennes &#8211; <a href=\"http:\/\/melindatrochu.com\/?p=96\">Le travail des ONG contre les violences faites aux femmes au Liban&#8230; en attendant la loi<\/a><\/p>\n<p style=\"text-align: left;\">Pour Terriennes &#8211; <a href=\"http:\/\/melindatrochu.com\/?p=99\">M\u00e8res et \u00e9pouses de disparus continuent le combat au Liban<\/a><\/p>\n<p style=\"text-align: left;\">Pour 360\u00b0\u00a0&#8211; <a href=\"http:\/\/melindatrochu.com\/?p=102\">&#8220;On veut s&#8217;embrasser sans devoir fermer les rideaux&#8221;<\/a><\/p>\n<p style=\"text-align: left;\">Pour VICE &#8211; <a href=\"http:\/\/melindatrochu.com\/?p=344\">Hey le Liban : ce rappeur \u00e0 barbe n&#8217;est pas un terroriste !<\/a><\/p>\n<p style=\"text-align: left;\">Pour Terriennes &#8211; <a href=\"http:\/\/melindatrochu.com\/?p=346\">Annie Bader, premi\u00e8re motarde professionnelle au Liban<\/a><\/p>\n<p style=\"text-align: left;\">Pour Terriennes &#8211; <a href=\"http:\/\/melindatrochu.com\/?p=348\">Joumana Haddad, la libert\u00e9 par les mots<\/a><\/p>\n<p style=\"text-align: left;\">Pour L&#8217;Edition du soir\u00a0&#8211; <a href=\"http:\/\/melindatrochu.com\/?p=350\">Yvan Jayne le cowboy frenchy des Etats-Unis<\/a><\/p>\n<p style=\"text-align: left;\">Pour Jeune Afrique\u00a0&#8211;<a href=\"http:\/\/melindatrochu.com\/?p=352\"> Jessica Cola\u00e7o : &#8220;Le prochain Steve Jobs sera africain&#8221;<\/a><\/p>\n<p style=\"text-align: left;\">Pour TETU\u00a0&#8211; <a href=\"http:\/\/melindatrochu.com\/?p=354\">Les gays syriens craignent aussi la paix<\/a><\/p>\n<p style=\"text-align: left;\">Pour Terriennes &#8211; <a href=\"http:\/\/melindatrochu.com\/?p=356\">Au Liban, Zeina Daccache et son th\u00e9\u00e2tre des maux<\/a><\/p>\n<p style=\"text-align: left;\">Pour Terriennes &#8211; <a href=\"http:\/\/melindatrochu.com\/?p=358\">Rahel Zegeye, domestique le jour, cin\u00e9aste et dramaturge la nuit<\/a><\/p>\n","protected":false},"excerpt":{"rendered":"<p>Pour Terriennes &#8211; Au Vanuatu, Anne Pakoa combat les violences quotidiennes faites aux femmes Pour Nouveau Projet &#8211; Denendeh, terre de 11 langues Pour L&#8217;Actualit\u00e9&hellip;<\/p>\n","protected":false},"author":1,"featured_media":0,"parent":0,"menu_order":0,"comment_status":"closed","ping_status":"open","template":"","meta":[],"_links":{"self":[{"href":"http:\/\/melindatrochu.com\/index.php?rest_route=\/wp\/v2\/pages\/10"}],"collection":[{"href":"http:\/\/melindatrochu.com\/index.php?rest_route=\/wp\/v2\/pages"}],"about":[{"href":"http:\/\/melindatrochu.com\/index.php?rest_route=\/wp\/v2\/types\/page"}],"author":[{"embeddable":true,"href":"http:\/\/melindatrochu.com\/index.php?rest_route=\/wp\/v2\/users\/1"}],"replies":[{"embeddable":true,"href":"http:\/\/melindatrochu.com\/index.php?rest_route=%2Fwp%2Fv2%2Fcomments&post=10"}],"version-history":[{"count":32,"href":"http:\/\/melindatrochu.com\/index.php?rest_route=\/wp\/v2\/pages\/10\/revisions"}],"predecessor-version":[{"id":753,"href":"http:\/\/melindatrochu.com\/index.php?rest_route=\/wp\/v2\/pages\/10\/revisions\/753"}],"wp:attachment":[{"href":"http:\/\/melindatrochu.com\/index.php?rest_route=%2Fwp%2Fv2%2Fmedia&parent=10"}],"curies":[{"name":"wp","href":"https:\/\/api.w.org\/{rel}","templated":true}]}}