{"id":12,"date":"2014-05-07T14:34:03","date_gmt":"2014-05-07T13:34:03","guid":{"rendered":"http:\/\/melindatrochu.com\/?page_id=12"},"modified":"2021-03-29T02:40:51","modified_gmt":"2021-03-28T23:40:51","slug":"videos","status":"publish","type":"page","link":"http:\/\/melindatrochu.com\/?page_id=12","title":{"rendered":"Radio &#038; vid\u00e9o"},"content":{"rendered":"<h3>Mes interventions radio sont <a href=\"https:\/\/soundcloud.com\/melindatrochu\/sets\" target=\"_blank\" rel=\"noopener noreferrer\">\u00e0 \u00e9couter sur mon Soundcloud<\/a><\/h3>\n<p><iframe loading=\"lazy\" title=\"Regards sur le Grand Victoria by M\u00e9linda Trochu\" width=\"870\" height=\"450\" scrolling=\"no\" frameborder=\"no\" src=\"https:\/\/w.soundcloud.com\/player\/?visual=true&#038;url=https%3A%2F%2Fapi.soundcloud.com%2Fplaylists%2F1233042658&#038;show_artwork=true&#038;maxwidth=870&#038;maxheight=1000&#038;dnt=1\"><\/iframe><\/p>\n<h3>Mes vid\u00e9os sont <a href=\"https:\/\/vimeo.com\/melindatrochu\/videos\" target=\"_blank\" rel=\"noopener noreferrer\">visibles sur mon Vimeo<\/a><\/h3>\n\n\n<figure class=\"wp-block-embed is-type-video is-provider-vimeo\"><div class=\"wp-block-embed__wrapper\">\n<iframe loading=\"lazy\" title=\"Rihab [English version]\" src=\"https:\/\/player.vimeo.com\/video\/90521765?dnt=1&amp;app_id=122963\" width=\"870\" height=\"489\" frameborder=\"0\" allow=\"autoplay; fullscreen; picture-in-picture\" allowfullscreen><\/iframe>\n<\/div><\/figure>\n\n\n\n<p><a href=\"https:\/\/vimeo.com\/90521765\">Rihab [English version]<\/a> from <a href=\"https:\/\/vimeo.com\/melindatrochu\">M\u00e9linda Trochu<\/a> on <a href=\"https:\/\/vimeo.com\">Vimeo<\/a>.<\/p>\n\n\n\n<p><\/p>\n\n\n\n<p><\/p>\n\n\n\n<p><\/p>\n\n\n\n<p><\/p>\n","protected":false},"excerpt":{"rendered":"<p>Mes interventions radio sont \u00e0 \u00e9couter sur mon Soundcloud Mes vid\u00e9os sont visibles sur mon Vimeo Rihab [English version] from M\u00e9linda Trochu on Vimeo.<\/p>\n","protected":false},"author":1,"featured_media":0,"parent":0,"menu_order":0,"comment_status":"closed","ping_status":"open","template":"","meta":[],"_links":{"self":[{"href":"http:\/\/melindatrochu.com\/index.php?rest_route=\/wp\/v2\/pages\/12"}],"collection":[{"href":"http:\/\/melindatrochu.com\/index.php?rest_route=\/wp\/v2\/pages"}],"about":[{"href":"http:\/\/melindatrochu.com\/index.php?rest_route=\/wp\/v2\/types\/page"}],"author":[{"embeddable":true,"href":"http:\/\/melindatrochu.com\/index.php?rest_route=\/wp\/v2\/users\/1"}],"replies":[{"embeddable":true,"href":"http:\/\/melindatrochu.com\/index.php?rest_route=%2Fwp%2Fv2%2Fcomments&post=12"}],"version-history":[{"count":14,"href":"http:\/\/melindatrochu.com\/index.php?rest_route=\/wp\/v2\/pages\/12\/revisions"}],"predecessor-version":[{"id":1203,"href":"http:\/\/melindatrochu.com\/index.php?rest_route=\/wp\/v2\/pages\/12\/revisions\/1203"}],"wp:attachment":[{"href":"http:\/\/melindatrochu.com\/index.php?rest_route=%2Fwp%2Fv2%2Fmedia&parent=12"}],"curies":[{"name":"wp","href":"https:\/\/api.w.org\/{rel}","templated":true}]}}