{"id":22,"date":"2014-05-07T14:35:58","date_gmt":"2014-05-07T13:35:58","guid":{"rendered":"http:\/\/melindatrochu.com\/?page_id=22"},"modified":"2020-07-27T18:41:32","modified_gmt":"2020-07-27T15:41:32","slug":"references","status":"publish","type":"page","link":"http:\/\/melindatrochu.com\/?page_id=22","title":{"rendered":"R\u00e9f\u00e9rences"},"content":{"rendered":"<p><strong>Recommandations (<a href=\"https:\/\/www.linkedin.com\/in\/melindatrochu\/\" target=\"_blank\" rel=\"noopener noreferrer\">toutes visibles ici<\/a>)<\/strong><\/p>\n<p><span class=\"new-miniprofile-container \/profile\/mini-profile-with-connections?_ed=0_2PBrHkkQrSrvnaVLuqj8S8\" style=\"font-weight: inherit; font-style: inherit;\" data-tracking=\"referrer\" data-li-url=\"\/profile\/mini-profile-with-connections?_ed=0_2PBrHkkQrSrvnaVLuqj8S8\" data-li-tl=\"tl\/shared\/profile\/mini_profile_shell\" data-li-miniprofile-id=\"LI-7953905\"><strong>Jean-Christophe Dupuis-R\u00e9mond<\/strong> (Pi<\/span>lote Web de France 3 Lorraine chez France Television)<\/p>\n<blockquote>\n<p id=\"control_gen_91\" class=\"description\" style=\"font-weight: inherit; font-style: inherit; padding-left: 40px;\">Melinda est une excellente journaliste multim\u00e9dia qui a travaill\u00e9 avec moi comme JRI mais que j&#8217;ai \u00e9galement pu voir \u00e0 l&#8217;oeuvre comme r\u00e9dactrice et journaliste web. C&#8217;est une fonceuse, passionn\u00e9e et curieuse, ouverte aux autres comme aux nouvelles technologies mais avec en bonus une capacit\u00e9 de synth\u00e8se et de r\u00e9flexion peu courante sur le monde qui l&#8217;entoure et sa propre activit\u00e9. Elle est un atout ind\u00e9niable pour toute \u00e9quipe au sein de laquelle elle est appel\u00e9e \u00e0 travailler.\u00a0Et en plus une bonne camarade.<\/p>\n<\/blockquote>\n<p class=\"description\" style=\"font-weight: inherit; font-style: inherit;\"><strong>Marion Pillas<\/strong> (Productrice chez Chasseur d&#8217;\u00e9toiles)<\/p>\n<blockquote class=\"endorsement-quote\">\n<p id=\"control_gen_89\" class=\"description\" style=\"font-weight: inherit; font-style: inherit; padding-left: 40px;\">M\u00e9linda est une journaliste reporter d&#8217;images tr\u00e8s fiable, consciencieuse mais aussi p\u00e9dagogue avec ses \u00e9quipe. Humainement, elle est tr\u00e8s enjou\u00e9e et tr\u00e8s bonne camarade. Bref, parfaite pour le travail en \u00e9quipe.<\/p>\n<\/blockquote>\n<p class=\"description\" style=\"font-weight: inherit; font-style: inherit;\"><span class=\"new-miniprofile-container \/profile\/mini-profile-with-connections?_ed=0_2sYwUehzkasuC6QkwSf3uc\" style=\"font-weight: inherit; font-style: inherit;\" data-tracking=\"referrer\" data-li-url=\"\/profile\/mini-profile-with-connections?_ed=0_2sYwUehzkasuC6QkwSf3uc\" data-li-tl=\"tl\/shared\/profile\/mini_profile_shell\" data-li-miniprofile-id=\"LI-8707849\"><span style=\"font-weight: inherit; font-style: inherit;\"><strong>Wilfrid Esteve<\/strong> (<\/span><\/span>Photographie I Enseignement I Nouvelles \u00e9critures et transm\u00e9dia)<\/p>\n<blockquote class=\"endorsement-quote\">\n<p id=\"control_gen_131\" class=\"description\" style=\"font-weight: inherit; font-style: inherit; padding-left: 40px;\">J&#8217;ai eu l&#8217;occasion de travailler \u00e0 plusieurs reprises avec Melinda au moyen-orient. Son s\u00e9rieux dans ses enqu\u00eates, sa d\u00e9termination sur le terrain et sa bonne humeur au sein de notre \u00e9quipe ont toujours \u00e9t\u00e9 tr\u00e8s appr\u00e9ci\u00e9. Ses qualit\u00e9s de monteuse aussi d&#8217;autant qu&#8217;elle tient les d\u00e9lais impartis.\u00a0Je la recommande et regrette son d\u00e9part \u00e0 l&#8217;\u00e9tranger (pour des raisons professionnelles).<\/p>\n<\/blockquote>\n<p class=\"description\" style=\"font-weight: inherit; font-style: inherit;\"><strong>Zeina Antonios<\/strong> (Institut fran\u00e7ais du Liban)<\/p>\n<blockquote>\n<p class=\"description\" style=\"font-weight: inherit; font-style: inherit; padding-left: 40px;\">J&#8217;ai eu l&#8217;occasion de travailler avec Melinda lors de sa presence a l&#8217;ambassade de France au Liban. C&#8217;est une personne extremement dynamique et fortement impliquee dans son travail, toujours soucieuse de maitriser les nouvelles techniques du journalisme et de couvrir les sujets les plus audacieux sur le terrain.<\/p>\n<\/blockquote>\n<p class=\"description\" style=\"font-weight: inherit; font-style: inherit;\"><strong>Layal Abu Darwich<\/strong> (Associate Programme Officer at UNHCR)<\/p>\n<hgroup>\n<h5 style=\"font-weight: inherit; font-style: inherit;\"><\/h5>\n<\/hgroup>\n<blockquote>\n<p id=\"control_gen_84\" class=\"description\" style=\"font-weight: inherit; font-style: inherit; padding-left: 40px;\">Melinda is an extremely promising person \u2013 highly motivated, persistent, and intelligent. I had the opportunity to coordinate with her the launching activities of &#8220;Media for Development&#8221; Project (A joint programme between UNDP-AFP Foundation and CFI).\u00a0She contributed greatly to the success of the event, and I am always looking forward for future collaboration.\u00a0It has been a joy and a privilege to work with Melinda.<\/p>\n<\/blockquote>\n<p class=\"description\" style=\"font-weight: inherit; font-style: inherit;\"><span class=\"new-miniprofile-container \/profile\/mini-profile-with-connections?_ed=0_0bBqSpr9ZpPOLP-m0A0haF\" style=\"font-weight: inherit; font-style: inherit;\" data-tracking=\"referrer\" data-li-url=\"\/profile\/mini-profile-with-connections?_ed=0_0bBqSpr9ZpPOLP-m0A0haF\" data-li-tl=\"tl\/shared\/profile\/mini_profile_shell\" data-li-miniprofile-id=\"LI-1799220\"><span style=\"font-weight: inherit; font-style: inherit;\"><strong>Elie Wehbe<\/strong> (<\/span><\/span>Editor in Chief and Press Officer)<\/p>\n<hgroup>\n<h5 style=\"font-weight: inherit; font-style: inherit;\"><\/h5>\n<\/hgroup>\n<blockquote class=\"endorsement-quote\">\n<p id=\"control_gen_70\" class=\"description\" style=\"font-weight: inherit; font-style: inherit; padding-left: 40px;\">M\u00e9linda is a highly versatile journalist. I&#8217;ve seen her train Lebanese journalists with dedication, while attending seminars and perfecting her own skills at the same time. She is very ambitious, spontaneous and creative. Her project in Texas on US elections was simply inspiring, and perfectly done!<\/p>\n<\/blockquote>\n<p class=\"description\" style=\"font-weight: inherit; font-style: inherit;\"><strong>Robert Holloway<\/strong> (Director, AFP Foundation)<\/p>\n<hgroup>\n<h5 style=\"font-weight: inherit; font-style: inherit;\"><\/h5>\n<\/hgroup>\n<blockquote class=\"endorsement-quote\">\n<p id=\"control_gen_76\" class=\"description\" style=\"font-weight: inherit; font-style: inherit; padding-left: 40px;\">I have known Melinda for four years. She is full of ideas, enthusiastic, diligent, and a pleasure to work with .<\/p>\n<\/blockquote>\n<p class=\"description\" style=\"font-weight: inherit; font-style: inherit;\"><strong>Carol Mansour<\/strong> (Director\/Editor\/Producer at Forward Film Production)<\/p>\n<blockquote class=\"endorsement-quote\">\n<p id=\"control_gen_61\" class=\"description\" style=\"font-weight: inherit; font-style: inherit; padding-left: 40px;\">Melinda is a creative camera woman with whom I have worked many times. I can count on her filming techniques and of her ability to chose the right frames. She is consistent, punctual and very reliable. I will recommend her to anyone who is looking for a good camera woman.<\/p>\n<\/blockquote>\n<p class=\"description\" style=\"font-weight: inherit; font-style: inherit;\"><strong>Sandra Gathmann Gonzalez<\/strong> (Bureau Manager \/ Correspondent at Feature Story News)<\/p>\n<blockquote class=\"endorsement-quote\">\n<p id=\"control_gen_63\" class=\"description\" style=\"font-weight: inherit; font-style: inherit; padding-left: 40px;\">Melinda is a highly skilled shooter and editor with a very creative photographic eye. A reliable colleague and real pleasure to work with, she demonstrates passion and commitment to her work. With a keen interest in world affairs and an adventurous spirit Melinda would be a fantastic asset to any journalistic or creative tele-visual project.<\/p>\n<\/blockquote>\n<p><strong>Collaborations<\/strong><\/p>\n<p><a href=\"http:\/\/www.tv5.org\/cms\/chaine-francophone\/Terriennes\/p-16162-Accueil.htm\" target=\"_blank\" rel=\"noopener noreferrer\">Terriennes <\/a>(FR)<\/p>\n<p><a href=\"http:\/\/kiosque.leditiondusoir.fr\/\" target=\"_blank\" rel=\"noopener noreferrer\">L&#8217;Edition du Soir<\/a>\u00a0(FR)<\/p>\n<p><a href=\"http:\/\/frenchmorning.com\/texas\/\" target=\"_blank\" rel=\"noopener noreferrer\">French Morning<\/a>\u00a0(US)<\/p>\n<p><a href=\"http:\/\/www.alternatives-economiques.fr\/\" target=\"_blank\" rel=\"noopener noreferrer\">Alternatives Economiques<\/a>\u00a0(FR)<\/p>\n<p><a href=\"http:\/\/www.france3.fr\/\" target=\"_blank\" rel=\"noopener noreferrer\">France 3<\/a>\u00a0(FR)<\/p>\n<p><a href=\"http:\/\/www.canalplus.fr\/\" target=\"_blank\" rel=\"noopener noreferrer\">Canal +<\/a>\u00a0(FR)<\/p>\n<p><a href=\"http:\/\/tetu.yagg.com\/\" target=\"_blank\" rel=\"noopener noreferrer\">TETU<\/a>\u00a0(FR)<\/p>\n<p><a href=\"http:\/\/360.ch\/\" target=\"_blank\" rel=\"noopener noreferrer\">360\u00b0<\/a> (Suisse)<\/p>\n<p><a href=\"http:\/\/www.automobelle.com\/\" target=\"_blank\" rel=\"noopener noreferrer\">Automobelle <\/a>(FR)<\/p>\n<p><a href=\"http:\/\/www.vice.com\/fr\/\" target=\"_blank\" rel=\"noopener noreferrer\">VICE <\/a>(FR)<\/p>\n<p><a href=\"http:\/\/www.jeuneafrique.com\/\" target=\"_blank\" rel=\"noopener noreferrer\">Jeune Afrique<\/a>\u00a0(FR)<\/p>\n<p><a href=\"http:\/\/www.liberation.fr\/ecofutur,100181\" target=\"_blank\" rel=\"noopener noreferrer\">Lib\u00e9ration\u00a0<\/a>(FR)<\/p>\n<p><a href=\"http:\/\/www.lecourrier.ch\/\" target=\"_blank\" rel=\"noopener noreferrer\">Le Courrier<\/a>\u00a0\u00a0(Suisse)<\/p>\n<p><a href=\"http:\/\/lacite.info\/\" target=\"_blank\" rel=\"noopener noreferrer\">La Cit\u00e9<\/a>\u00a0\u00a0(Suisse)<\/p>\n<p><a href=\"http:\/\/www.axellemag.be\/fr\/default.asp?id=19&amp;mnu=19\" target=\"_blank\" rel=\"noopener noreferrer\">Axelle<\/a> (Belgique)<\/p>\n<p><a href=\"http:\/\/www.cieletespace.fr\/\" target=\"_blank\" rel=\"noopener noreferrer\">Ciel et Espace<\/a>\u00a0(FR)<\/p>\n<p><a href=\"http:\/\/www.aljazeera.com\/indepth\/inpictures\/\" target=\"_blank\" rel=\"noopener noreferrer\">Al Jazeera<\/a> (Qatar)<\/p>\n<p><a href=\"http:\/\/www.vocativ.com\/\" target=\"_blank\" rel=\"noopener noreferrer\">Vocativ<\/a> (US)<\/p>\n","protected":false},"excerpt":{"rendered":"<p>Recommandations (toutes visibles ici) Jean-Christophe Dupuis-R\u00e9mond (Pilote Web de France 3 Lorraine chez France Television) Melinda est une excellente journaliste multim\u00e9dia qui a travaill\u00e9 avec&hellip;<\/p>\n","protected":false},"author":1,"featured_media":0,"parent":0,"menu_order":0,"comment_status":"closed","ping_status":"open","template":"","meta":[],"_links":{"self":[{"href":"http:\/\/melindatrochu.com\/index.php?rest_route=\/wp\/v2\/pages\/22"}],"collection":[{"href":"http:\/\/melindatrochu.com\/index.php?rest_route=\/wp\/v2\/pages"}],"about":[{"href":"http:\/\/melindatrochu.com\/index.php?rest_route=\/wp\/v2\/types\/page"}],"author":[{"embeddable":true,"href":"http:\/\/melindatrochu.com\/index.php?rest_route=\/wp\/v2\/users\/1"}],"replies":[{"embeddable":true,"href":"http:\/\/melindatrochu.com\/index.php?rest_route=%2Fwp%2Fv2%2Fcomments&post=22"}],"version-history":[{"count":8,"href":"http:\/\/melindatrochu.com\/index.php?rest_route=\/wp\/v2\/pages\/22\/revisions"}],"predecessor-version":[{"id":1094,"href":"http:\/\/melindatrochu.com\/index.php?rest_route=\/wp\/v2\/pages\/22\/revisions\/1094"}],"wp:attachment":[{"href":"http:\/\/melindatrochu.com\/index.php?rest_route=%2Fwp%2Fv2%2Fmedia&parent=22"}],"curies":[{"name":"wp","href":"https:\/\/api.w.org\/{rel}","templated":true}]}}