{"id":5,"date":"2014-05-07T14:02:50","date_gmt":"2014-05-07T13:02:50","guid":{"rendered":"http:\/\/melindatrochu.com\/?page_id=5"},"modified":"2021-01-23T04:15:09","modified_gmt":"2021-01-23T01:15:09","slug":"qui-suis-je","status":"publish","type":"page","link":"http:\/\/melindatrochu.com\/?page_id=5","title":{"rendered":"Qui suis-je ?"},"content":{"rendered":"<p><span class=\"lt-line-clamp__line\">Journaliste multim\u00e9dia (sp\u00e9cialis\u00e9e en t\u00e9l\u00e9vision), j&#8217;ai travaill\u00e9 en France, au Liban, en Australie et au Canada. <\/span><\/p>\n<blockquote>\n<p style=\"padding-left: 40px;\"><span class=\"lt-line-clamp__line\">Je suis actuellement bas\u00e9e \u00e0 Victoria (Colombie-Britannique, Canada) sur les territoires non c\u00e9d\u00e9s des nations Lekwungen et W\u0331S\u00c1NE\u0106.<\/span><\/p>\n<\/blockquote>\n\n\n<div class=\"wp-block-image\"><figure class=\"aligncenter size-large is-resized\"><img loading=\"lazy\" src=\"http:\/\/melindatrochu.com\/wp-content\/uploads\/2014\/05\/15282_10151596527851287_63954511_n-1.jpg\" alt=\"\" class=\"wp-image-125\" width=\"368\" height=\"245\" srcset=\"http:\/\/melindatrochu.com\/wp-content\/uploads\/2014\/05\/15282_10151596527851287_63954511_n-1.jpg 960w, http:\/\/melindatrochu.com\/wp-content\/uploads\/2014\/05\/15282_10151596527851287_63954511_n-1-300x200.jpg 300w\" sizes=\"(max-width: 368px) 100vw, 368px\" \/><\/figure><\/div>\n\n\n\n<p>I am a multimedia reporter (TV is my specialty) and I have worked in France, Lebanon, Australia and Canada.<\/p>\n\n\n\n<blockquote class=\"wp-block-quote\"><p>I am currently based in Victoria (British Columbia, Canada) on the unceded Territory of the Lekwungen and W\u0331S\u00c1NE\u0106 nations.<\/p><\/blockquote>\n","protected":false},"excerpt":{"rendered":"<p>Journaliste multim\u00e9dia (sp\u00e9cialis\u00e9e en t\u00e9l\u00e9vision), j&#8217;ai travaill\u00e9 en France, au Liban, en Australie et au Canada. Je suis actuellement bas\u00e9e \u00e0 Victoria (Colombie-Britannique, Canada) sur&hellip;<\/p>\n","protected":false},"author":1,"featured_media":0,"parent":0,"menu_order":0,"comment_status":"closed","ping_status":"closed","template":"","meta":[],"_links":{"self":[{"href":"http:\/\/melindatrochu.com\/index.php?rest_route=\/wp\/v2\/pages\/5"}],"collection":[{"href":"http:\/\/melindatrochu.com\/index.php?rest_route=\/wp\/v2\/pages"}],"about":[{"href":"http:\/\/melindatrochu.com\/index.php?rest_route=\/wp\/v2\/types\/page"}],"author":[{"embeddable":true,"href":"http:\/\/melindatrochu.com\/index.php?rest_route=\/wp\/v2\/users\/1"}],"replies":[{"embeddable":true,"href":"http:\/\/melindatrochu.com\/index.php?rest_route=%2Fwp%2Fv2%2Fcomments&post=5"}],"version-history":[{"count":17,"href":"http:\/\/melindatrochu.com\/index.php?rest_route=\/wp\/v2\/pages\/5\/revisions"}],"predecessor-version":[{"id":1183,"href":"http:\/\/melindatrochu.com\/index.php?rest_route=\/wp\/v2\/pages\/5\/revisions\/1183"}],"wp:attachment":[{"href":"http:\/\/melindatrochu.com\/index.php?rest_route=%2Fwp%2Fv2%2Fmedia&parent=5"}],"curies":[{"name":"wp","href":"https:\/\/api.w.org\/{rel}","templated":true}]}}