{"id":16,"date":"2014-05-07T14:35:20","date_gmt":"2014-05-07T13:35:20","guid":{"rendered":"http:\/\/melindatrochu.com\/?page_id=16"},"modified":"2020-01-26T17:10:00","modified_gmt":"2020-01-26T14:10:00","slug":"photos","status":"publish","type":"page","link":"https:\/\/melindatrochu.com\/?page_id=16","title":{"rendered":"Photos"},"content":{"rendered":"<p style=\"text-align: center;\"><a href=\"http:\/\/melindatrochu.com\/?p=942\"><img loading=\"lazy\" class=\"alignnone  wp-image-715\" src=\"http:\/\/melindatrochu.com\/wp-content\/uploads\/2014\/05\/Gidion-ISSAC-1024x681-1024x681.jpg\" alt=\"gidion-issac-1024x681\" width=\"637\" height=\"424\" srcset=\"https:\/\/melindatrochu.com\/wp-content\/uploads\/2014\/05\/Gidion-ISSAC-1024x681.jpg 1024w, https:\/\/melindatrochu.com\/wp-content\/uploads\/2014\/05\/Gidion-ISSAC-1024x681-300x200.jpg 300w, https:\/\/melindatrochu.com\/wp-content\/uploads\/2014\/05\/Gidion-ISSAC-1024x681-768x511.jpg 768w\" sizes=\"(max-width: 637px) 100vw, 637px\" \/><\/a><\/p>\n<blockquote>\n<p style=\"text-align: center;\"><a href=\"http:\/\/melindatrochu.com\/?p=942\">Projet personnel\u00a0&#8211;\u00a0Lukim Yu<\/a><\/p>\n<\/blockquote>\n<p style=\"text-align: center;\"><a href=\"http:\/\/melindatrochu.com\/?p=588\"><img loading=\"lazy\" class=\" wp-image-592 aligncenter\" src=\"http:\/\/melindatrochu.com\/wp-content\/uploads\/2016\/01\/FB-album-4-1024x683.jpg\" alt=\"FB album (4)\" width=\"638\" height=\"426\" srcset=\"https:\/\/melindatrochu.com\/wp-content\/uploads\/2016\/01\/FB-album-4-1024x683.jpg 1024w, https:\/\/melindatrochu.com\/wp-content\/uploads\/2016\/01\/FB-album-4-300x200.jpg 300w\" sizes=\"(max-width: 638px) 100vw, 638px\" \/><\/a><\/p>\n<blockquote>\n<p style=\"text-align: center;\">Portfolio &#8211;\u00a0<a href=\"http:\/\/melindatrochu.com\/?p=588\">La Fondation Thathangathay<\/a><\/p>\n<\/blockquote>\n<p style=\"text-align: center;\"><a href=\"http:\/\/melindatrochu.com\/?p=270\"><img loading=\"lazy\" class=\"aligncenter wp-image-266\" src=\"http:\/\/melindatrochu.com\/wp-content\/uploads\/2014\/05\/15-1500x1000-1024x682.jpg\" alt=\"\" width=\"640\" height=\"427\" srcset=\"https:\/\/melindatrochu.com\/wp-content\/uploads\/2014\/05\/15-1500x1000-1024x682.jpg 1024w, https:\/\/melindatrochu.com\/wp-content\/uploads\/2014\/05\/15-1500x1000-300x200.jpg 300w, https:\/\/melindatrochu.com\/wp-content\/uploads\/2014\/05\/15-1500x1000.jpg 1500w\" sizes=\"(max-width: 640px) 100vw, 640px\" \/><\/a><\/p>\n<blockquote>\n<p style=\"text-align: center;\">Portfolio &#8211; <a href=\"http:\/\/melindatrochu.com\/?p=270\">Au Liban, des domestiques immigr\u00e9es d\u00e9filent pour leurs droits<\/a><\/p>\n<\/blockquote>\n<p style=\"text-align: center;\"><a href=\"http:\/\/melindatrochu.com\/?p=259\"><img loading=\"lazy\" class=\"aligncenter wp-image-260\" src=\"http:\/\/melindatrochu.com\/wp-content\/uploads\/2014\/06\/Lahza-47-1024x683.jpg\" alt=\"\" width=\"639\" height=\"426\" srcset=\"https:\/\/melindatrochu.com\/wp-content\/uploads\/2014\/06\/Lahza-47-1024x683.jpg 1024w, https:\/\/melindatrochu.com\/wp-content\/uploads\/2014\/06\/Lahza-47-1024x683-300x200.jpg 300w\" sizes=\"(max-width: 639px) 100vw, 639px\" \/><\/a><\/p>\n<blockquote>\n<p style=\"text-align: center;\">Portfolio &#8211; <a href=\"http:\/\/melindatrochu.com\/?p=259\">Les petits syriens r\u00e9fugi\u00e9s s&#8217;initient \u00e0 la photo<\/a><\/p>\n<\/blockquote>\n<p style=\"text-align: center;\"><a href=\"http:\/\/melindatrochu.com\/?p=235\"><img loading=\"lazy\" class=\"aligncenter wp-image-236\" src=\"http:\/\/melindatrochu.com\/wp-content\/uploads\/2014\/06\/Ian_prof-1024x683.jpg\" alt=\"\" width=\"639\" height=\"426\" srcset=\"https:\/\/melindatrochu.com\/wp-content\/uploads\/2014\/06\/Ian_prof-1024x683.jpg 1024w, https:\/\/melindatrochu.com\/wp-content\/uploads\/2014\/06\/Ian_prof-1024x683-300x200.jpg 300w\" sizes=\"(max-width: 639px) 100vw, 639px\" \/><\/a><\/p>\n<blockquote>\n<p style=\"text-align: center;\">Portfolio &#8211; <a href=\"http:\/\/melindatrochu.com\/?p=235\">Retour \u00e0 l&#8217;\u00e9cole pour des migrants du Liban\u00a0<\/a><\/p>\n<\/blockquote>\n<p style=\"text-align: center;\"><a href=\"http:\/\/melindatrochu.com\/?p=1\"><img loading=\"lazy\" class=\"aligncenter wp-image-38\" src=\"http:\/\/melindatrochu.com\/wp-content\/uploads\/2014\/05\/12-640x426.jpg\" alt=\"12 (640x426)\" width=\"640\" height=\"426\" srcset=\"https:\/\/melindatrochu.com\/wp-content\/uploads\/2014\/05\/12-640x426.jpg 640w, https:\/\/melindatrochu.com\/wp-content\/uploads\/2014\/05\/12-640x426-300x199.jpg 300w\" sizes=\"(max-width: 640px) 100vw, 640px\" \/><\/a><\/p>\n<blockquote>\n<p style=\"text-align: center;\">Portfolio &#8211; <a href=\"http:\/\/melindatrochu.com\/?p=1\">Des Clowns belges \u00e0 Chatila<\/a><\/p>\n<\/blockquote>\n<p style=\"text-align: center;\"><a href=\"http:\/\/melindatrochu.com\/?p=70\"><img loading=\"lazy\" class=\"aligncenter wp-image-71\" src=\"http:\/\/melindatrochu.com\/wp-content\/uploads\/2014\/05\/IMG_0955-1024x652-640x360.jpg\" alt=\"IMG_0955 (1024x652)\" width=\"640\" height=\"408\" srcset=\"https:\/\/melindatrochu.com\/wp-content\/uploads\/2014\/05\/IMG_0955-1024x652-300x191.jpg 300w, https:\/\/melindatrochu.com\/wp-content\/uploads\/2014\/05\/IMG_0955-1024x652.jpg 1024w\" sizes=\"(max-width: 640px) 100vw, 640px\" \/><\/a><\/p>\n<blockquote>\n<p style=\"text-align: center;\">Portfolio &#8211;<a href=\"http:\/\/melindatrochu.com\/?p=70\"> Salon du livre francophone de Beyrouth 2013<\/a><\/p>\n<\/blockquote>\n<p style=\"text-align: center;\"><img loading=\"lazy\" class=\"alignnone wp-image-461\" src=\"http:\/\/melindatrochu.com\/wp-content\/uploads\/2014\/05\/5-1024x682.jpg\" alt=\"\" width=\"640\" height=\"427\" srcset=\"https:\/\/melindatrochu.com\/wp-content\/uploads\/2014\/05\/5-1024x682.jpg 1024w, https:\/\/melindatrochu.com\/wp-content\/uploads\/2014\/05\/5-300x200.jpg 300w\" sizes=\"(max-width: 640px) 100vw, 640px\" \/><\/p>\n<blockquote>\n<p style=\"text-align: center;\">Portfolio &#8211;<a href=\"http:\/\/melindatrochu.com\/?p=41\"> La French Tech au SXSW d&#8217;Austin<\/a><\/p>\n<\/blockquote>\n<p style=\"text-align: center;\"><img loading=\"lazy\" class=\"alignnone wp-image-458\" src=\"http:\/\/melindatrochu.com\/wp-content\/uploads\/2014\/05\/IMG_5264-800x5331.jpg\" alt=\"\" width=\"640\" height=\"426\" srcset=\"https:\/\/melindatrochu.com\/wp-content\/uploads\/2014\/05\/IMG_5264-800x5331.jpg 800w, https:\/\/melindatrochu.com\/wp-content\/uploads\/2014\/05\/IMG_5264-800x5331-300x199.jpg 300w\" sizes=\"(max-width: 640px) 100vw, 640px\" \/><\/p>\n<blockquote>\n<p style=\"text-align: center;\">Portfolio &#8211;<a href=\"http:\/\/melindatrochu.com\/?p=79\"> SpaceX au Texas<\/a><\/p>\n<\/blockquote>\n<p style=\"text-align: center;\"><a href=\"http:\/\/melindatrochu.com\/?p=83\"><img loading=\"lazy\" class=\"alignnone size-full wp-image-459\" src=\"http:\/\/melindatrochu.com\/wp-content\/uploads\/2014\/05\/Route1-640x4271.jpg\" alt=\"\" width=\"640\" height=\"427\" srcset=\"https:\/\/melindatrochu.com\/wp-content\/uploads\/2014\/05\/Route1-640x4271.jpg 640w, https:\/\/melindatrochu.com\/wp-content\/uploads\/2014\/05\/Route1-640x4271-300x200.jpg 300w\" sizes=\"(max-width: 640px) 100vw, 640px\" \/><\/a><\/p>\n<blockquote>\n<p style=\"text-align: center;\">Portfolio &#8211;<a href=\"http:\/\/melindatrochu.com\/?p=83\"> Traite sexuelle au Texas<\/a><\/p>\n<\/blockquote>\n","protected":false},"excerpt":{"rendered":"<p>Projet personnel\u00a0&#8211;\u00a0Lukim Yu Portfolio &#8211;\u00a0La Fondation Thathangathay Portfolio &#8211; Au Liban, des domestiques immigr\u00e9es d\u00e9filent pour leurs droits Portfolio &#8211; Les petits syriens r\u00e9fugi\u00e9s s&#8217;initient&hellip;<\/p>\n","protected":false},"author":1,"featured_media":0,"parent":0,"menu_order":0,"comment_status":"closed","ping_status":"open","template":"","meta":[],"_links":{"self":[{"href":"https:\/\/melindatrochu.com\/index.php?rest_route=\/wp\/v2\/pages\/16"}],"collection":[{"href":"https:\/\/melindatrochu.com\/index.php?rest_route=\/wp\/v2\/pages"}],"about":[{"href":"https:\/\/melindatrochu.com\/index.php?rest_route=\/wp\/v2\/types\/page"}],"author":[{"embeddable":true,"href":"https:\/\/melindatrochu.com\/index.php?rest_route=\/wp\/v2\/users\/1"}],"replies":[{"embeddable":true,"href":"https:\/\/melindatrochu.com\/index.php?rest_route=%2Fwp%2Fv2%2Fcomments&post=16"}],"version-history":[{"count":29,"href":"https:\/\/melindatrochu.com\/index.php?rest_route=\/wp\/v2\/pages\/16\/revisions"}],"predecessor-version":[{"id":1082,"href":"https:\/\/melindatrochu.com\/index.php?rest_route=\/wp\/v2\/pages\/16\/revisions\/1082"}],"wp:attachment":[{"href":"https:\/\/melindatrochu.com\/index.php?rest_route=%2Fwp%2Fv2%2Fmedia&parent=16"}],"curies":[{"name":"wp","href":"https:\/\/api.w.org\/{rel}","templated":true}]}}