{"id":18,"date":"2014-05-07T14:35:29","date_gmt":"2014-05-07T13:35:29","guid":{"rendered":"http:\/\/melindatrochu.com\/?page_id=18"},"modified":"2020-01-26T17:09:28","modified_gmt":"2020-01-26T14:09:28","slug":"projets-personnels","status":"publish","type":"page","link":"https:\/\/melindatrochu.com\/?page_id=18","title":{"rendered":"Projets personnels"},"content":{"rendered":"<p><img loading=\"lazy\" class=\"wp-image-709 alignleft\" src=\"http:\/\/melindatrochu.com\/wp-content\/uploads\/2014\/05\/IMG_5932-1024x683.jpg\" alt=\"img_5932\" width=\"303\" height=\"202\" srcset=\"https:\/\/melindatrochu.com\/wp-content\/uploads\/2014\/05\/IMG_5932-1024x683.jpg 1024w, https:\/\/melindatrochu.com\/wp-content\/uploads\/2014\/05\/IMG_5932-300x200.jpg 300w, https:\/\/melindatrochu.com\/wp-content\/uploads\/2014\/05\/IMG_5932-768x512.jpg 768w\" sizes=\"(max-width: 303px) 100vw, 303px\" \/><strong>LUKIM YU<\/strong><\/p>\n<p>En avril 2016, j&#8217;ai visit\u00e9 le Vanuatu. Sur l&#8217;\u00eelot de Rah, au nord de l&#8217;archipel, j&#8217;ai d\u00e9cid\u00e9 de faire le portrait de la population afin de leur envoyer les clich\u00e9s. En deux exemplaires : un pour chaque habitant photographi\u00e9, un pour une exposition dans le centre communautaire en novembre 2016. Les photos \u00e9taient \u00e0 d\u00e9couvrir sur un Instagram d\u00e9di\u00e9 (supprim\u00e9 depuis). <a href=\"http:\/\/melindatrochu.com\/?p=942\">Les photos sont d\u00e9sormais visibles ici.<\/a><\/p>\n<p>Interviews sur mon projet par <a href=\"https:\/\/vanuatudaily.wordpress.com\/2016\/10\/19\/new-photographic-series-lukim-yu-documents-people-ra-island\/\">Vanuatu Daily Digest <\/a>et <a href=\"http:\/\/la1ere.francetvinfo.fr\/nouvellecaledonie\/photos-vanuatu-rencontre-du-peuple-rah-408065.html\">Nouvelle Cal\u00e9donie 1\u00e8re<\/a>.<\/p>\n<p><strong><img loading=\"lazy\" class=\" wp-image-396 alignleft\" src=\"http:\/\/melindatrochu.com\/wp-content\/uploads\/2014\/05\/large_visuel_4__1280x853_-300x181.jpg\" alt=\"\" width=\"303\" height=\"183\" srcset=\"https:\/\/melindatrochu.com\/wp-content\/uploads\/2014\/05\/large_visuel_4__1280x853_-300x181.jpg 300w, https:\/\/melindatrochu.com\/wp-content\/uploads\/2014\/05\/large_visuel_4__1280x853_.jpg 620w\" sizes=\"(max-width: 303px) 100vw, 303px\" \/><\/strong><\/p>\n<p><strong>TEXAS FAMILIES<\/strong><\/p>\n<p>A l&#8217;automne 2012, j&#8217;ai\u00a0eu l&#8217;id\u00e9e d&#8217;un road-trip journalistique (et multim\u00e9dia!) au Texas pendant l\u2019\u00e9lection pr\u00e9sidentielle am\u00e9ricaine. Avec <a href=\"http:\/\/www.linkedin.com\/in\/cecilefandos\" target=\"_blank\" rel=\"noopener noreferrer\">C\u00e9cile Fandos<\/a>, nous avons lanc\u00e9 une campagne de crowdfunding et avons parcouru plus de 4000 kilom\u00e8tres en trois semaines de voyage au Texas.\u00a0Voici <a href=\"http:\/\/www.kisskissbankbank.com\/texas-families\" target=\"_blank\" rel=\"noopener noreferrer\">la campagne de crowdfunding<\/a>,\u00a0le r\u00e9sultat sur notre blog <a href=\"http:\/\/texasfamiliesblog.wordpress.com\/\" target=\"_blank\" rel=\"noopener noreferrer\">Texas Families<\/a>, et\u00a0<a href=\"http:\/\/melindatrochu.wix.com\/texasfamilies\" target=\"_blank\" rel=\"noopener noreferrer\">toutes nos rencontres traduites en anglais.<\/a><\/p>\n<p>Nombreuses interviews sur notre projet<a href=\"https:\/\/texasfamiliesblog.wordpress.com\/ils-parlent-du-projet\/\"> \u00e0 retrouver ici<\/a>.<\/p>\n<p><img loading=\"lazy\" class=\" wp-image-395 alignleft\" src=\"http:\/\/melindatrochu.com\/wp-content\/uploads\/2014\/05\/Graffiti-de-C\u00e8dre-2-1280x857-300x200.jpg\" alt=\"\" width=\"303\" height=\"202\" srcset=\"https:\/\/melindatrochu.com\/wp-content\/uploads\/2014\/05\/Graffiti-de-C\u00e8dre-2-1280x857-300x200.jpg 300w, https:\/\/melindatrochu.com\/wp-content\/uploads\/2014\/05\/Graffiti-de-C\u00e8dre-2-1280x857-1024x685.jpg 1024w, https:\/\/melindatrochu.com\/wp-content\/uploads\/2014\/05\/Graffiti-de-C\u00e8dre-2-1280x857.jpg 1280w\" sizes=\"(max-width: 303px) 100vw, 303px\" \/><\/p>\n<p><strong>JEUNES LIBANAIS<\/strong><\/p>\n<p>En mai 2012, j&#8217;ai interview\u00e9 15 jeunes libanais pour conna\u00eetre leurs aspirations, leurs craintes et leur vision du Liban. Vous pouvez retrouver ces interviews, en fran\u00e7ais et en anglais, sur le\u00a0site d\u00e9di\u00e9\u00a0<a href=\"http:\/\/jeuneslibanais.com\/index.php\" target=\"_blank\" rel=\"noopener noreferrer\">Jeunes Libanais<\/a>.<\/p>\n<p>Interview sur mon projet par\u00a0<a href=\"http:\/\/www.dailystar.com.lb\/Culture\/Lifestyle\/2012\/May-24\/174452-online-forum-airs-young-peoples-hopes-and-dreams-of-emigration.ashx\">The Daily Star<\/a>.<\/p>\n","protected":false},"excerpt":{"rendered":"<p>LUKIM YU En avril 2016, j&#8217;ai visit\u00e9 le Vanuatu. Sur l&#8217;\u00eelot de Rah, au nord de l&#8217;archipel, j&#8217;ai d\u00e9cid\u00e9 de faire le portrait de la&hellip;<\/p>\n","protected":false},"author":1,"featured_media":0,"parent":0,"menu_order":0,"comment_status":"closed","ping_status":"open","template":"","meta":[],"_links":{"self":[{"href":"https:\/\/melindatrochu.com\/index.php?rest_route=\/wp\/v2\/pages\/18"}],"collection":[{"href":"https:\/\/melindatrochu.com\/index.php?rest_route=\/wp\/v2\/pages"}],"about":[{"href":"https:\/\/melindatrochu.com\/index.php?rest_route=\/wp\/v2\/types\/page"}],"author":[{"embeddable":true,"href":"https:\/\/melindatrochu.com\/index.php?rest_route=\/wp\/v2\/users\/1"}],"replies":[{"embeddable":true,"href":"https:\/\/melindatrochu.com\/index.php?rest_route=%2Fwp%2Fv2%2Fcomments&post=18"}],"version-history":[{"count":10,"href":"https:\/\/melindatrochu.com\/index.php?rest_route=\/wp\/v2\/pages\/18\/revisions"}],"predecessor-version":[{"id":1081,"href":"https:\/\/melindatrochu.com\/index.php?rest_route=\/wp\/v2\/pages\/18\/revisions\/1081"}],"wp:attachment":[{"href":"https:\/\/melindatrochu.com\/index.php?rest_route=%2Fwp%2Fv2%2Fmedia&parent=18"}],"curies":[{"name":"wp","href":"https:\/\/api.w.org\/{rel}","templated":true}]}}